{"id":1212,"date":"2023-04-11T12:33:00","date_gmt":"2023-04-11T10:33:00","guid":{"rendered":"https:\/\/digitance.ai\/kontakt\/"},"modified":"2025-01-30T09:37:58","modified_gmt":"2025-01-30T08:37:58","slug":"contatti","status":"publish","type":"page","link":"https:\/\/digitance.ai\/it\/contatti\/","title":{"rendered":"Contatti"},"content":{"rendered":"<!-- BOX HEAD -->\r\n<div class=\"box_head bg8 bg_symbol\">\r\n    <div class=\"wrapper pdt-80 pdb-80\">\r\n        <h1 class=\"title_h1 anim_drop1 anim_delay observe\">Rendiamo pi\u00f9 efficace la tua comunicazione con i tuoi clienti!<\/h1>\r\n                            <div class=\"reset_margins box_head_text mgt-20 anim_drop1 anim_delay observe color11\">\r\n                Il nostro team di esperti \u00e8 sempre pronto ad ascoltare le tue esigenze, fornirti una demo e aiutarti a trovare la soluzione ideale per le tue esigenze della tua azienda.            <\/div>\r\n            <\/div>\r\n<\/div>\n\n<!-- BOX CONTACT -->\n<section class=\"pdt-80 pdb-80\"\n    >\n    <div class=\"box_contact wrapper wrapper_lgm\">\n        <div class=\"grid big-space justify-between\">\n            <!-- RIGHT SIDE -->\n            <div class=\"col60p col1_lgm order-last-lg wmax480_lg mgt-40 mgt-0lg\">\n                <a href=\"https:\/\/digitance.ai\/it\/\"\n                   title=\"\u00cds\u0165 na domovsk\u00fa str\u00e1nku\"\n                   class=\"elm_logo w100p wmax300\">\n\t\t\t\t\t<img decoding=\"async\" src=\"https:\/\/digitance.ai\/wp-content\/uploads\/2025\/01\/ZPC_logo_BLACK.png\" width=\"300px\" style=\"display: none; width: 300px; height: auto\">\n                    <svg class=\"sico\" style=\"\">\n                        <g class=\"color2\">\n                            <use href=\"https:\/\/digitance.ai\/wp-content\/themes\/digitance\/assets\/layout\/icons.svg#s_logo_p1\"\/>\n                        <\/g>\n                        <g>\n                            <use href=\"https:\/\/digitance.ai\/wp-content\/themes\/digitance\/assets\/layout\/icons.svg#s_logo_p2\"\/>\n                        <\/g>\n                    <\/svg>\n                <\/a>\n                <div class=\"pdt-25\">\n                                        <div class=\"pdt-15\">\n                        <a href=\"mailto:info@digitance.ai\" title=\"info@digitance.ai\" class=\"btn_icon mail\">\n                            <svg class=\"sico\">\n                                <use href=\"https:\/\/digitance.ai\/wp-content\/themes\/digitance\/assets\/layout\/icons.svg#s_mail\"\/>\n                            <\/svg>\n                            <span>info@digitance.ai<\/span>\n                        <\/a>\n                    <\/div>\n                                        <div class=\"pdt-15\">\n                        <a href=\"tel:+421907767268\" title=\"\"+421 907 767 268 class=\"btn_icon phone\">\n                            <svg class=\"sico\">\n                                <use href=\"https:\/\/digitance.ai\/wp-content\/themes\/digitance\/assets\/layout\/icons.svg#s_phone\"\/>\n                            <\/svg>\n                            <span>+421 907 767 268<\/span>\n                        <\/a>\n                    <\/div>\n                                                                                            <div class=\"pdt-15\">\n                                <a href=\"https:\/\/www.linkedin.com\/company\/digitanceai\/\"\n                                   title=\"LinkedIn\"\n                                                                      class=\"btn_icon\">\n                                    <svg class=\"sico\">\n                                        <use\n                                            href=\"https:\/\/digitance.ai\/wp-content\/themes\/digitance\/assets\/layout\/icons.svg#s_in\"\/>\n                                    <\/svg>\n                                    <span>\n                                        www.linkedin.com\/company\/digitanceai\/                                    <\/span>\n                                <\/a>\n                            <\/div>\n                                                            <\/div>\n            <\/div>\n            <!-- LEFT SIDE -->\n            <div class=\"col2 col1_lgm wmax480_lg mgt-60lg\">\n                                                    \n<div class=\"wpcf7 no-js\" id=\"wpcf7-f1279-o1\" lang=\"sk-SK\" dir=\"ltr\">\n<div class=\"screen-reader-response\"><p role=\"status\" aria-live=\"polite\" aria-atomic=\"true\"><\/p> <ul><\/ul><\/div>\n<form action=\"\/it\/wp-json\/wp\/v2\/pages\/1212#wpcf7-f1279-o1\" method=\"post\" class=\"wpcf7-form init\" aria-label=\"Kontaktn\u00fd formul\u00e1r\" novalidate=\"novalidate\" data-status=\"init\">\n<div style=\"display: none;\">\n<input type=\"hidden\" name=\"_wpcf7\" value=\"1279\" \/>\n<input type=\"hidden\" name=\"_wpcf7_version\" value=\"5.9.8\" \/>\n<input type=\"hidden\" name=\"_wpcf7_locale\" value=\"sk_SK\" \/>\n<input type=\"hidden\" name=\"_wpcf7_unit_tag\" value=\"wpcf7-f1279-o1\" \/>\n<input type=\"hidden\" name=\"_wpcf7_container_post\" value=\"0\" \/>\n<input type=\"hidden\" name=\"_wpcf7_posted_data_hash\" value=\"\" \/>\n<input type=\"hidden\" name=\"_wpcf7_recaptcha_response\" value=\"\" \/>\n<\/div>\n<div class=\"grid\"> \n  <div class=\"col1 mgt-10\"> <span class=\"wpcf7-form-control-wrap\" data-name=\"text\"><input size=\"40\" maxlength=\"400\" class=\"wpcf7-form-control wpcf7-email wpcf7-validates-as-required wpcf7-text wpcf7-validates-as-email input_text\" aria-required=\"true\" aria-invalid=\"false\" placeholder=\"Indirizzo e-mail *\" value=\"\" type=\"email\" name=\"text\" \/><\/span> \n  <\/div> \n  <div class=\"col1 mgt-10\"> <span class=\"wpcf7-form-control-wrap\" data-name=\"meno\"><input size=\"40\" maxlength=\"400\" class=\"wpcf7-form-control wpcf7-text input_text\" aria-invalid=\"false\" placeholder=\"Nome e cognome \/ Ragione sociale\" value=\"\" type=\"text\" name=\"meno\" \/><\/span> \n  <\/div> \n  <div class=\"col1 mgt-10\"> <span class=\"wpcf7-form-control-wrap\" data-name=\"telefon\"><input size=\"40\" maxlength=\"400\" class=\"wpcf7-form-control wpcf7-tel wpcf7-text wpcf7-validates-as-tel input_text\" aria-invalid=\"false\" placeholder=\"Numero di telefono\" value=\"\" type=\"tel\" name=\"telefon\" \/><\/span> \n  <\/div> \n  <div class=\"col1 mgt-10\"> <span class=\"wpcf7-form-control-wrap\" data-name=\"sprava\"><textarea cols=\"15\" rows=\"5\" maxlength=\"2000\" class=\"wpcf7-form-control wpcf7-textarea wpcf7-validates-as-required input_text\" aria-required=\"true\" aria-invalid=\"false\" placeholder=\"Un messaggio\" name=\"sprava\"><\/textarea><\/span> \n  <\/div>  \n  <div class=\"col1 mgt-25 page_content reset_margins text_s14 color11\"> \n    <p>Gestiamo i tuoi dati personali allo scopo di soddisfare la tua richiesta. Ulteriori informazioni sono disponibili in\n      <a href=\"\/it\/informativa-sulla-privacy\" target=\"_blank\">Principi di protezione dei dati personali<\/a>.\n    <\/p> \n  <\/div> \n  <div class=\"col1 mgt-25 page_content reset_margins text_s14 color11\"> \n    <p>Questa pagina \u00e8 protetta da Google reCAPTCHA nel senso di <a href=\"https:\/\/policies.google.com\/privacy\" target=\"_blank\">Informativa sulla privacy<\/a> e <a href=\"https:\/\/policies.google.com\/terms\" target=\"_blank\">Termini e condizioni<\/a>.\n    <\/p> \n  <\/div>\n <div class=\"col1 mgt-25\">\n<button type=\"submit\" class=\"btn_basic\">Invia<\/button>\n<\/div>\n<\/div><div class=\"wpcf7-response-output\" aria-hidden=\"true\"><\/div>\n<\/form>\n<\/div>\n                            <\/div>\n        <\/div>\n    <\/div>\n<\/section>\n\n<!-- MAP BOX -->\r\n<section class=\"pdb-80\">\r\n    <div class=\"wrapper wrapper_lgm\">\r\n        <h2 class=\"title_h2\">Sede, indirizzo e contatti<\/h2>\r\n        <div class=\"box_map mgt-25 mgt-15lg\">\r\n            <div class=\"grid small-space\">\r\n                <div class=\"col42p col1_lgm offset dflex align-center justify-center pd-25 pdt-40 pdb-40 bg8 box\">\r\n                    <div class=\"box_icon\">\r\n                        <div class=\"page_content p_smallspace reset_margins color11\">\r\n                            <p>ZPC Group, s. r. o.<br \/>\nKrasovsk\u00e9ho 3986\/14<br \/>\n851 01 Bratislava<br \/>\nRepubblica Slovacca<\/p>\n                        <\/div>\r\n                        <svg class=\"sico color12\">\r\n                            <use href=\"https:\/\/digitance.ai\/wp-content\/themes\/digitance\/assets\/layout\/icons.svg#s_pin\"\/>\r\n                        <\/svg>\r\n                    <\/div>\r\n                <\/div>\r\n                <div class=\"col58p col1_lgm offset dflex\">\r\n                    <div class=\"map_cont box w100p\">\r\n                        <div class=\"map init\" id=\"map\"><\/div>\r\n                        <script>\r\n                            var mapdata = [\r\n                                {\r\n                                    \"type\": 1,\r\n                                    \"lat\": 48.13206319830863,\r\n                                    \"lng\": 17.11579557666949,\r\n                                    \"zoom\": 15\r\n                                }\r\n                            ];\r\n                        <\/script>\r\n                    <\/div>\r\n                <\/div>\r\n            <\/div>\r\n        <\/div>\r\n    <\/div>\r\n<\/section>\n\n<!-- BASIC TEXT -->\r\n<section class=\"pdt-80 pdb-80 \"\r\n>\r\n<div class=\"wrapper\">\r\n            <h2 class=\"title_h2\">Informazioni di fatturazione<\/h2>\r\n        <div class=\"page_content color11\">\r\n        <p>Krasovsk\u00e9ho 3986\/14<\/p>\n<p>Bratislava \u2013 Petr\u017ealka 851 01<\/p>\n<p>Repubblica slovacca<\/p>\n<p><strong>I\u010cO:<\/strong> 50 540 301<\/p>\n<p><strong>DI\u010c:<\/strong> 2120356557<\/p>\n<p><strong>I\u010c DPH:<\/strong> SK2120356557<\/p>\n    <\/div>\r\n<\/div>\r\n<\/section >","protected":false},"excerpt":{"rendered":"<p>N\u00e1\u0161 t\u00edm odborn\u00edkov je v\u017edy pripraven\u00fd prediskutova\u0165 va\u0161e potreby, poskytn\u00fa\u0165 demo uk\u00e1\u017eku a pom\u00f4c\u0165 v\u00e1m n\u00e1js\u0165 ide\u00e1lne rie\u0161enie pre va\u0161u firmu.<\/p>\n","protected":false},"author":1,"featured_media":0,"parent":0,"menu_order":0,"comment_status":"closed","ping_status":"closed","template":"","meta":{"_acf_changed":false,"footnotes":""},"acf":[],"yoast_head":"<!-- This site is optimized with the Yoast SEO plugin v23.5 - https:\/\/yoast.com\/wordpress\/plugins\/seo\/ -->\n<title>Contatti - ZPC Group, s. r. o.<\/title>\n<meta name=\"robots\" content=\"index, follow, max-snippet:-1, max-image-preview:large, max-video-preview:-1\" \/>\n<link rel=\"canonical\" href=\"https:\/\/digitance.ai\/it\/contatti\/\" \/>\n<meta property=\"og:locale\" content=\"it_IT\" \/>\n<meta property=\"og:type\" content=\"article\" \/>\n<meta property=\"og:title\" content=\"Contatti - ZPC Group, s. r. o.\" \/>\n<meta property=\"og:description\" content=\"N\u00e1\u0161 t\u00edm odborn\u00edkov je v\u017edy pripraven\u00fd prediskutova\u0165 va\u0161e potreby, poskytn\u00fa\u0165 demo uk\u00e1\u017eku a pom\u00f4c\u0165 v\u00e1m n\u00e1js\u0165 ide\u00e1lne rie\u0161enie pre va\u0161u firmu.\" \/>\n<meta property=\"og:url\" content=\"https:\/\/digitance.ai\/it\/contatti\/\" \/>\n<meta property=\"og:site_name\" content=\"ZPC Group, s. r. o.\" \/>\n<meta property=\"article:modified_time\" content=\"2025-01-30T08:37:58+00:00\" \/>\n<meta name=\"twitter:card\" content=\"summary_large_image\" \/>\n<script type=\"application\/ld+json\" class=\"yoast-schema-graph\">{\"@context\":\"https:\/\/schema.org\",\"@graph\":[{\"@type\":\"WebPage\",\"@id\":\"https:\/\/digitance.ai\/it\/contatti\/\",\"url\":\"https:\/\/digitance.ai\/it\/contatti\/\",\"name\":\"Contatti - ZPC Group, s. r. o.\",\"isPartOf\":{\"@id\":\"https:\/\/digitance.ai\/it\/#website\"},\"datePublished\":\"2023-04-11T10:33:00+00:00\",\"dateModified\":\"2025-01-30T08:37:58+00:00\",\"breadcrumb\":{\"@id\":\"https:\/\/digitance.ai\/it\/contatti\/#breadcrumb\"},\"inLanguage\":\"it-IT\",\"potentialAction\":[{\"@type\":\"ReadAction\",\"target\":[\"https:\/\/digitance.ai\/it\/contatti\/\"]}]},{\"@type\":\"BreadcrumbList\",\"@id\":\"https:\/\/digitance.ai\/it\/contatti\/#breadcrumb\",\"itemListElement\":[{\"@type\":\"ListItem\",\"position\":1,\"name\":\"Home\",\"item\":\"https:\/\/digitance.ai\/it\/\"},{\"@type\":\"ListItem\",\"position\":2,\"name\":\"Contatti\"}]},{\"@type\":\"WebSite\",\"@id\":\"https:\/\/digitance.ai\/it\/#website\",\"url\":\"https:\/\/digitance.ai\/it\/\",\"name\":\"ZPC Group, s. r. o.\",\"description\":\"ZPC Group, s. r. o.\",\"potentialAction\":[{\"@type\":\"SearchAction\",\"target\":{\"@type\":\"EntryPoint\",\"urlTemplate\":\"https:\/\/digitance.ai\/it\/?s={search_term_string}\"},\"query-input\":{\"@type\":\"PropertyValueSpecification\",\"valueRequired\":true,\"valueName\":\"search_term_string\"}}],\"inLanguage\":\"it-IT\"}]}<\/script>\n<!-- \/ Yoast SEO plugin. -->","yoast_head_json":{"title":"Contatti - ZPC Group, s. r. o.","robots":{"index":"index","follow":"follow","max-snippet":"max-snippet:-1","max-image-preview":"max-image-preview:large","max-video-preview":"max-video-preview:-1"},"canonical":"https:\/\/digitance.ai\/it\/contatti\/","og_locale":"it_IT","og_type":"article","og_title":"Contatti - ZPC Group, s. r. o.","og_description":"N\u00e1\u0161 t\u00edm odborn\u00edkov je v\u017edy pripraven\u00fd prediskutova\u0165 va\u0161e potreby, poskytn\u00fa\u0165 demo uk\u00e1\u017eku a pom\u00f4c\u0165 v\u00e1m n\u00e1js\u0165 ide\u00e1lne rie\u0161enie pre va\u0161u firmu.","og_url":"https:\/\/digitance.ai\/it\/contatti\/","og_site_name":"ZPC Group, s. r. o.","article_modified_time":"2025-01-30T08:37:58+00:00","twitter_card":"summary_large_image","schema":{"@context":"https:\/\/schema.org","@graph":[{"@type":"WebPage","@id":"https:\/\/digitance.ai\/it\/contatti\/","url":"https:\/\/digitance.ai\/it\/contatti\/","name":"Contatti - ZPC Group, s. r. o.","isPartOf":{"@id":"https:\/\/digitance.ai\/it\/#website"},"datePublished":"2023-04-11T10:33:00+00:00","dateModified":"2025-01-30T08:37:58+00:00","breadcrumb":{"@id":"https:\/\/digitance.ai\/it\/contatti\/#breadcrumb"},"inLanguage":"it-IT","potentialAction":[{"@type":"ReadAction","target":["https:\/\/digitance.ai\/it\/contatti\/"]}]},{"@type":"BreadcrumbList","@id":"https:\/\/digitance.ai\/it\/contatti\/#breadcrumb","itemListElement":[{"@type":"ListItem","position":1,"name":"Home","item":"https:\/\/digitance.ai\/it\/"},{"@type":"ListItem","position":2,"name":"Contatti"}]},{"@type":"WebSite","@id":"https:\/\/digitance.ai\/it\/#website","url":"https:\/\/digitance.ai\/it\/","name":"ZPC Group, s. r. o.","description":"ZPC Group, s. r. o.","potentialAction":[{"@type":"SearchAction","target":{"@type":"EntryPoint","urlTemplate":"https:\/\/digitance.ai\/it\/?s={search_term_string}"},"query-input":{"@type":"PropertyValueSpecification","valueRequired":true,"valueName":"search_term_string"}}],"inLanguage":"it-IT"}]}},"_links":{"self":[{"href":"https:\/\/digitance.ai\/it\/wp-json\/wp\/v2\/pages\/1212"}],"collection":[{"href":"https:\/\/digitance.ai\/it\/wp-json\/wp\/v2\/pages"}],"about":[{"href":"https:\/\/digitance.ai\/it\/wp-json\/wp\/v2\/types\/page"}],"author":[{"embeddable":true,"href":"https:\/\/digitance.ai\/it\/wp-json\/wp\/v2\/users\/1"}],"replies":[{"embeddable":true,"href":"https:\/\/digitance.ai\/it\/wp-json\/wp\/v2\/comments?post=1212"}],"version-history":[{"count":14,"href":"https:\/\/digitance.ai\/it\/wp-json\/wp\/v2\/pages\/1212\/revisions"}],"predecessor-version":[{"id":1451,"href":"https:\/\/digitance.ai\/it\/wp-json\/wp\/v2\/pages\/1212\/revisions\/1451"}],"wp:attachment":[{"href":"https:\/\/digitance.ai\/it\/wp-json\/wp\/v2\/media?parent=1212"}],"curies":[{"name":"wp","href":"https:\/\/api.w.org\/{rel}","templated":true}]}}